{"id":12,"date":"2015-07-31T19:59:24","date_gmt":"2015-07-31T17:59:24","guid":{"rendered":"http:\/\/www.ubezpieczeniatrzemeszno.pl\/?page_id=12"},"modified":"2015-08-06T14:57:26","modified_gmt":"2015-08-06T12:57:26","slug":"kontakt","status":"publish","type":"page","link":"https:\/\/www.ubezpieczeniatrzemeszno.pl\/?page_id=12","title":{"rendered":"Kontakt"},"content":{"rendered":"<p>[vc_row type=&#8221;full-width-section&#8221; css=&#8221;.vc_custom_1438865843182{background-color: #1a1c27 !important;}&#8221; el_id=&#8221;kontakt&#8221;][vc_column width=&#8221;1\/2&#8243;][\/vc_column][vc_column width=&#8221;1\/2&#8243; css=&#8221;.vc_custom_1438865537838{padding-bottom: 80px !important;}&#8221;]<style type=\"text\/css\" >#rd_v3ek8fvhkscqo9yow3ic .wpcf7 {font-weight:bold;}#rd_v3ek8fvhkscqo9yow3ic .wpcf7 input[type=submit]{font-size:14px; font-weight:700; border-radius:5px; padding:9px 20px 10px; letter-spacing: 1.5px; border:2px solid; min-width:230px;}#rd_v3ek8fvhkscqo9yow3ic .wpcf7 input[type=submit]:hover {background:#2396e6; border-color:#2396e6; color:#ffffff !important;}#rd_v3ek8fvhkscqo9yow3ic .wpcf7 input:not([type=submit]):not([type=checkbox]),#rd_v3ek8fvhkscqo9yow3ic textarea,#rd_v3ek8fvhkscqo9yow3ic .wpcf7 select{border-radius:0px;}#rd_v3ek8fvhkscqo9yow3ic .wpcf7 input:not([type=submit]),#rd_v3ek8fvhkscqo9yow3ic textarea,#rd_v3ek8fvhkscqo9yow3ic .wpcf7 input[type=submit],#rd_v3ek8fvhkscqo9yow3ic .wpcf7 select{margin-top:3px;}#rd_v3ek8fvhkscqo9yow3ic p{margin-bottom:7px;}#rd_v3ek8fvhkscqo9yow3ic .wpcf7 input:not([type=submit]):not([type=checkbox]),#rd_v3ek8fvhkscqo9yow3ic .wpcf7  textarea,#rd_v3ek8fvhkscqo9yow3ic .wpcf7 select{border:1px solid #121226; background:#222533;}#rd_v3ek8fvhkscqo9yow3ic .wpcf7 input[type=submit]{background:; color: !important;}<\/style><div id=\"rd_v3ek8fvhkscqo9yow3ic\" class=\"rda_bounceInRight\"><div role=\"form\" class=\"wpcf7\" id=\"wpcf7-f107-o1\" lang=\"pl-PL\" dir=\"ltr\">\n<div class=\"screen-reader-response\"><p role=\"status\" aria-live=\"polite\" aria-atomic=\"true\"><\/p> <ul><\/ul><\/div>\n<form action=\"\/index.php?rest_route=%2Fwp%2Fv2%2Fpages%2F12#wpcf7-f107-o1\" method=\"post\" class=\"wpcf7-form init\" novalidate=\"novalidate\" data-status=\"init\">\n<div style=\"display: none;\">\n<input type=\"hidden\" name=\"_wpcf7\" value=\"107\" \/>\n<input type=\"hidden\" name=\"_wpcf7_version\" value=\"5.3\" \/>\n<input type=\"hidden\" name=\"_wpcf7_locale\" value=\"pl_PL\" \/>\n<input type=\"hidden\" name=\"_wpcf7_unit_tag\" value=\"wpcf7-f107-o1\" \/>\n<input type=\"hidden\" name=\"_wpcf7_container_post\" value=\"0\" \/>\n<input type=\"hidden\" name=\"_wpcf7_posted_data_hash\" value=\"\" \/>\n<\/div>\n<div class=\"left_field\">\n<p>IMI\u0118 I NAZWISKO *<br \/>\n    <span class=\"wpcf7-form-control-wrap your-name\"><input type=\"text\" name=\"your-name\" value=\"\" size=\"40\" class=\"wpcf7-form-control wpcf7-text wpcf7-validates-as-required\" aria-required=\"true\" aria-invalid=\"false\" \/><\/span> <\/p>\n<p>TEL. *<br \/>\n    <span class=\"wpcf7-form-control-wrap your-phone\"><input type=\"text\" name=\"your-phone\" value=\"\" size=\"40\" class=\"wpcf7-form-control wpcf7-text wpcf7-validates-as-required\" aria-required=\"true\" aria-invalid=\"false\" \/><\/span> <\/p>\n<\/div>\n<div class=\"right_field\">\n<p>EMAIL *<br \/>\n    <span class=\"wpcf7-form-control-wrap your-email\"><input type=\"email\" name=\"your-email\" value=\"\" size=\"40\" class=\"wpcf7-form-control wpcf7-text wpcf7-email wpcf7-validates-as-required wpcf7-validates-as-email\" aria-required=\"true\" aria-invalid=\"false\" \/><\/span> <\/p>\n<p>TEMAT<br \/>\n    <span class=\"wpcf7-form-control-wrap your-subject\"><input type=\"text\" name=\"your-subject\" value=\"\" size=\"40\" class=\"wpcf7-form-control wpcf7-text\" aria-invalid=\"false\" \/><\/span> <\/p>\n<\/div>\n<div class=\"message_field\">\n<p>WIADOMO\u015a\u0106<br \/>\n    <span class=\"wpcf7-form-control-wrap your-message\"><textarea name=\"your-message\" cols=\"40\" rows=\"10\" class=\"wpcf7-form-control wpcf7-textarea\" aria-invalid=\"false\"><\/textarea><\/span> <\/p>\n<p><input type=\"submit\" value=\"WY\u015aLIJ\" class=\"wpcf7-form-control wpcf7-submit\" \/><\/p>\n<\/div>\n<div class=\"wpcf7-response-output\" aria-hidden=\"true\"><\/div><\/form><\/div><\/div>[\/vc_column][\/vc_row]<\/p>\n","protected":false},"excerpt":{"rendered":"<p>[vc_row type=&#8221;full-width-section&#8221; css=&#8221;.vc_custom_1438865843182{background-color: #1a1c27 !important;}&#8221; el_id=&#8221;kontakt&#8221;][vc_column width=&#8221;1\/2&#8243;][\/vc_column][vc_column width=&#8221;1\/2&#8243; css=&#8221;.vc_custom_1438865537838{padding-bottom: 80px !important;}&#8221;] IMI\u0118 I NAZWISKO * TEL. * EMAIL * TEMAT WIADOMO\u015a\u0106 [\/vc_column][\/vc_row]<br \/><a href=\"https:\/\/www.ubezpieczeniatrzemeszno.pl\/?page_id=12\" class=\"more\">Read more<\/a><\/p>\n","protected":false},"author":1,"featured_media":0,"parent":0,"menu_order":0,"comment_status":"open","ping_status":"open","template":"onepage.php","meta":[],"_links":{"self":[{"href":"https:\/\/www.ubezpieczeniatrzemeszno.pl\/index.php?rest_route=\/wp\/v2\/pages\/12"}],"collection":[{"href":"https:\/\/www.ubezpieczeniatrzemeszno.pl\/index.php?rest_route=\/wp\/v2\/pages"}],"about":[{"href":"https:\/\/www.ubezpieczeniatrzemeszno.pl\/index.php?rest_route=\/wp\/v2\/types\/page"}],"author":[{"embeddable":true,"href":"https:\/\/www.ubezpieczeniatrzemeszno.pl\/index.php?rest_route=\/wp\/v2\/users\/1"}],"replies":[{"embeddable":true,"href":"https:\/\/www.ubezpieczeniatrzemeszno.pl\/index.php?rest_route=%2Fwp%2Fv2%2Fcomments&post=12"}],"version-history":[{"count":21,"href":"https:\/\/www.ubezpieczeniatrzemeszno.pl\/index.php?rest_route=\/wp\/v2\/pages\/12\/revisions"}],"predecessor-version":[{"id":144,"href":"https:\/\/www.ubezpieczeniatrzemeszno.pl\/index.php?rest_route=\/wp\/v2\/pages\/12\/revisions\/144"}],"wp:attachment":[{"href":"https:\/\/www.ubezpieczeniatrzemeszno.pl\/index.php?rest_route=%2Fwp%2Fv2%2Fmedia&parent=12"}],"curies":[{"name":"wp","href":"https:\/\/api.w.org\/{rel}","templated":true}]}}