{"id":379,"date":"2020-11-19T21:14:59","date_gmt":"2020-11-19T20:14:59","guid":{"rendered":"http:\/\/www.ubezpieczeniatrzemeszno.pl\/?page_id=379"},"modified":"2020-11-19T21:14:59","modified_gmt":"2020-11-19T20:14:59","slug":"polityka-plikow-cookies-eu","status":"publish","type":"page","link":"https:\/\/www.ubezpieczeniatrzemeszno.pl\/?page_id=379","title":{"rendered":"Polityka plik\u00f3w cookies (EU)"},"content":{"rendered":"\n<!-- This legal document was generated by Complianz | GDPR\/CCPA Cookie Consent https:\/\/wordpress.org\/plugins\/complianz-gdpr -->\n<div id=\"cmplz-document\" class=\"cmplz-document cookie-statement\"><p><i>To o\u015bwiadczenie dotycz\u0105ce plik\u00f3w cookie by\u0142o ostatnio aktualizowane 19 Listopad 2020 i dotyczy obywateli Europejskiego Obszaru Gospodarczego.<\/i><\/p><h2>1. Wprowadzenie<\/h2><p>Nasza strona internetowa, <a href=\"https:\/\/www.ubezpieczeniatrzemeszno.pl\">https:\/\/www.ubezpieczeniatrzemeszno.pl<\/a> (dalej: \u201estrona internetowa\u201d) u\u017cywa plik\u00f3w cookie i innych powi\u0105zanych technologii (dla wygody wszystkie technologie s\u0105 okre\u015blane jako \u201epliki cookie\u201d). Pliki cookie s\u0105 r\u00f3wnie\u017c umieszczane przez osoby trzecie. W poni\u017cszym dokumencie informujemy o korzystaniu z plik\u00f3w cookie na naszej stronie internetowej.<\/p><h2>2. Czym s\u0105 cookies?<\/h2><p>Plik cookie to niewielki prosty plik wysy\u0142any wraz ze stronami tej witryny i przechowywany przez przegl\u0105dark\u0119 na dysku twardym komputera lub innego urz\u0105dzenia. Informacje w nich przechowywane mog\u0105 zosta\u0107 zwr\u00f3cone na nasze serwery lub do serwer\u00f3w odpowiednich stron trzecich podczas kolejnej wizyty.<\/p><h2>3. Czym s\u0105 skrypty?<\/h2><p>Skrypt to fragment kodu programu, kt\u00f3ry s\u0142u\u017cy do prawid\u0142owego i interaktywnego dzia\u0142ania naszej witryny. Ten kod jest wykonywany na naszym serwerze lub na twoim urz\u0105dzeniu.<\/p><h2>4. Co to jest pixel tag?<\/h2><p>Web beacon (lub znacznik pikselowy) to ma\u0142y, niewidoczny fragment tekstu lub obrazu na stronie internetowej, kt\u00f3ry s\u0142u\u017cy do monitorowania ruchu na stronie internetowej. Aby to zrobi\u0107, r\u00f3\u017cne dane o tobie s\u0105 przechowywane przy u\u017cyciu web beacon\u00f3w.<\/p><h2>5. Pliki cookies<\/h2><p class=\"cmplz-subtitle\">5.1 Ciasteczka techniczne lub funkcjonalne<\/p><p>Niekt\u00f3re pliki cookie zapewniaj\u0105 prawid\u0142owe dzia\u0142anie niekt\u00f3rych cz\u0119\u015bci witryny i poznanie preferencji u\u017cytkownika. Umieszczaj\u0105c funkcjonalne pliki cookie, u\u0142atwiamy odwiedzanie naszej strony internetowej. W ten spos\u00f3b nie musisz wielokrotnie wprowadza\u0107 tych samych informacji podczas odwiedzania naszej strony internetowej i, na przyk\u0142ad, przedmioty pozostaj\u0105 w koszyku, dop\u00f3ki nie zap\u0142acisz. Mo\u017cemy umie\u015bci\u0107 te pliki cookie bez Twojej zgody.<\/p><h2>6. Umieszczone pliki cookie<\/h2><div id=\"cmplz-cookies-overview\"><div class=\"cmplz-service-header\"><h3>Automattic<\/h3><\/div>\n<div class=\"cmplz-service-desc cmplz-service-hidden\">\n    <div class=\"cmplz-service-description\">\n\t    <h4>Usage<\/h4>\n        <p>U\u017cywamy Automattic dla website development.<\/p>\n    <\/div>\n    <div class=\"cmplz-sharing-data\">\n        <h4>Udost\u0119pnianie danych<\/h4>\n        <p>Po wi\u0119cej informacji, prosz\u0119 przeczytaj <a target=\"_blank\" rel=\"noopener noreferrer nofollow\" href=\"https:\/\/automattic.com\/cookies\/\">Automattic Privacy Statement<\/a>.<\/p>\n    <\/div>\n    <div class=\"cookies-per-purpose\">\n    <div class=\"purpose\"><h4>Statistics<\/h4><\/div>\n    <div class=\"name-header\">\n\t<h5>Imi\u0119<\/h5>\n<\/div>\n<div class=\"name\">tk_ai<\/div>\n<div class=\"retention-header\">\n\t<h5>Zatrzymywanie<\/h5>\n<\/div>\n<div class=\"retention\">session<\/div>\n<div class=\"function-header\">\n\t<h5>Funkcja<\/h5>\n<\/div>\n<div class=\"function\">Store a unique user ID<\/div>\n\n<\/div>\n<\/div>\n\n<div class=\"cmplz-service-header\"><h3>Facebook<\/h3><\/div>\n<div class=\"cmplz-service-desc cmplz-service-hidden\">\n    <div class=\"cmplz-service-description\">\n\t    <h4>Usage<\/h4>\n        <p>U\u017cywamy Facebook dla display of recent social posts and\/or social share buttons.<\/p>\n    <\/div>\n    <div class=\"cmplz-sharing-data\">\n        <h4>Udost\u0119pnianie danych<\/h4>\n        <p>Po wi\u0119cej informacji, prosz\u0119 przeczytaj <a target=\"_blank\" rel=\"noopener noreferrer nofollow\" href=\"https:\/\/www.facebook.com\/policy\/cookies\">Facebook Privacy Statement<\/a>.<\/p>\n    <\/div>\n    <div class=\"cookies-per-purpose\">\n    <div class=\"purpose\"><h4>Cel w toku sprawdzania<\/h4><\/div>\n    <div class=\"name-header\">\n\t<h5>Imi\u0119<\/h5>\n<\/div>\n<div class=\"name\">wordpress_logged_in_*<\/div>\n<div class=\"retention-header\">\n\t<h5>Zatrzymywanie<\/h5>\n<\/div>\n<div class=\"retention\"><\/div>\n<div class=\"function-header\">\n\t<h5>Funkcja<\/h5>\n<\/div>\n<div class=\"function\"><\/div>\n\n<\/div><div class=\"cookies-per-purpose\">\n    <div class=\"purpose\"><h4>Marketing\/Tracking<\/h4><\/div>\n    <div class=\"name-header\">\n\t<h5>Imi\u0119<\/h5>\n<\/div>\n<div class=\"name\">actppresence<\/div>\n<div class=\"retention-header\">\n\t<h5>Zatrzymywanie<\/h5>\n<\/div>\n<div class=\"retention\">1 year<\/div>\n<div class=\"function-header\">\n\t<h5>Funkcja<\/h5>\n<\/div>\n<div class=\"function\">Manage ad display frequency<\/div>\n<div class=\"name-header\">\n\t<h5>Imi\u0119<\/h5>\n<\/div>\n<div class=\"name\">_fbc<\/div>\n<div class=\"retention-header\">\n\t<h5>Zatrzymywanie<\/h5>\n<\/div>\n<div class=\"retention\">2 years<\/div>\n<div class=\"function-header\">\n\t<h5>Funkcja<\/h5>\n<\/div>\n<div class=\"function\">Store last visit<\/div>\n<div class=\"name-header\">\n\t<h5>Imi\u0119<\/h5>\n<\/div>\n<div class=\"name\">fbm*<\/div>\n<div class=\"retention-header\">\n\t<h5>Zatrzymywanie<\/h5>\n<\/div>\n<div class=\"retention\">1 year<\/div>\n<div class=\"function-header\">\n\t<h5>Funkcja<\/h5>\n<\/div>\n<div class=\"function\">Store account details<\/div>\n<div class=\"name-header\">\n\t<h5>Imi\u0119<\/h5>\n<\/div>\n<div class=\"name\">xs<\/div>\n<div class=\"retention-header\">\n\t<h5>Zatrzymywanie<\/h5>\n<\/div>\n<div class=\"retention\">3 months<\/div>\n<div class=\"function-header\">\n\t<h5>Funkcja<\/h5>\n<\/div>\n<div class=\"function\">Store a unique session ID<\/div>\n<div class=\"name-header\">\n\t<h5>Imi\u0119<\/h5>\n<\/div>\n<div class=\"name\">fr<\/div>\n<div class=\"retention-header\">\n\t<h5>Zatrzymywanie<\/h5>\n<\/div>\n<div class=\"retention\">3 months<\/div>\n<div class=\"function-header\">\n\t<h5>Funkcja<\/h5>\n<\/div>\n<div class=\"function\">Enable ad delivery or retargeting<\/div>\n<div class=\"name-header\">\n\t<h5>Imi\u0119<\/h5>\n<\/div>\n<div class=\"name\">_fbp<\/div>\n<div class=\"retention-header\">\n\t<h5>Zatrzymywanie<\/h5>\n<\/div>\n<div class=\"retention\">3 months<\/div>\n<div class=\"function-header\">\n\t<h5>Funkcja<\/h5>\n<\/div>\n<div class=\"function\">Store and track visits across websites<\/div>\n<div class=\"name-header\">\n\t<h5>Imi\u0119<\/h5>\n<\/div>\n<div class=\"name\">datr<\/div>\n<div class=\"retention-header\">\n\t<h5>Zatrzymywanie<\/h5>\n<\/div>\n<div class=\"retention\">2 years<\/div>\n<div class=\"function-header\">\n\t<h5>Funkcja<\/h5>\n<\/div>\n<div class=\"function\">Provide fraud prevention<\/div>\n<div class=\"name-header\">\n\t<h5>Imi\u0119<\/h5>\n<\/div>\n<div class=\"name\">sb<\/div>\n<div class=\"retention-header\">\n\t<h5>Zatrzymywanie<\/h5>\n<\/div>\n<div class=\"retention\">2 years<\/div>\n<div class=\"function-header\">\n\t<h5>Funkcja<\/h5>\n<\/div>\n<div class=\"function\">Store browser details<\/div>\n<div class=\"name-header\">\n\t<h5>Imi\u0119<\/h5>\n<\/div>\n<div class=\"name\">*_fbm_<\/div>\n<div class=\"retention-header\">\n\t<h5>Zatrzymywanie<\/h5>\n<\/div>\n<div class=\"retention\">1 year<\/div>\n<div class=\"function-header\">\n\t<h5>Funkcja<\/h5>\n<\/div>\n<div class=\"function\">Store account details<\/div>\n\n<\/div><div class=\"cookies-per-purpose\">\n    <div class=\"purpose\"><h4>Functional<\/h4><\/div>\n    <div class=\"name-header\">\n\t<h5>Imi\u0119<\/h5>\n<\/div>\n<div class=\"name\">wd<\/div>\n<div class=\"retention-header\">\n\t<h5>Zatrzymywanie<\/h5>\n<\/div>\n<div class=\"retention\">1 week<\/div>\n<div class=\"function-header\">\n\t<h5>Funkcja<\/h5>\n<\/div>\n<div class=\"function\">Determine screen resolution<\/div>\n<div class=\"name-header\">\n\t<h5>Imi\u0119<\/h5>\n<\/div>\n<div class=\"name\">act<\/div>\n<div class=\"retention-header\">\n\t<h5>Zatrzymywanie<\/h5>\n<\/div>\n<div class=\"retention\">90 days<\/div>\n<div class=\"function-header\">\n\t<h5>Funkcja<\/h5>\n<\/div>\n<div class=\"function\">Keep users logged in<\/div>\n<div class=\"name-header\">\n\t<h5>Imi\u0119<\/h5>\n<\/div>\n<div class=\"name\">c_user<\/div>\n<div class=\"retention-header\">\n\t<h5>Zatrzymywanie<\/h5>\n<\/div>\n<div class=\"retention\">90 days<\/div>\n<div class=\"function-header\">\n\t<h5>Funkcja<\/h5>\n<\/div>\n<div class=\"function\">Store a unique user ID<\/div>\n<div class=\"name-header\">\n\t<h5>Imi\u0119<\/h5>\n<\/div>\n<div class=\"name\">csm<\/div>\n<div class=\"retention-header\">\n\t<h5>Zatrzymywanie<\/h5>\n<\/div>\n<div class=\"retention\">90 days<\/div>\n<div class=\"function-header\">\n\t<h5>Funkcja<\/h5>\n<\/div>\n<div class=\"function\">Provide fraud prevention<\/div>\n<div class=\"name-header\">\n\t<h5>Imi\u0119<\/h5>\n<\/div>\n<div class=\"name\">presence<\/div>\n<div class=\"retention-header\">\n\t<h5>Zatrzymywanie<\/h5>\n<\/div>\n<div class=\"retention\">session<\/div>\n<div class=\"function-header\">\n\t<h5>Funkcja<\/h5>\n<\/div>\n<div class=\"function\">Store and track if the browser tab is active<\/div>\n\n<\/div>\n<\/div>\n\n<div class=\"cmplz-service-header\"><h3>Google Fonts<\/h3><\/div>\n<div class=\"cmplz-service-desc cmplz-service-hidden\">\n    <div class=\"cmplz-service-description\">\n\t    <h4>Usage<\/h4>\n        <p>U\u017cywamy Google Fonts dla display of webfonts.<\/p>\n    <\/div>\n    <div class=\"cmplz-sharing-data\">\n        <h4>Udost\u0119pnianie danych<\/h4>\n        <p>Po wi\u0119cej informacji, prosz\u0119 przeczytaj <a target=\"_blank\" rel=\"noopener noreferrer nofollow\" href=\"https:\/\/policies.google.com\/privacy\">Google Fonts Privacy Statement<\/a>.<\/p>\n    <\/div>\n    <div class=\"cookies-per-purpose\">\n    <div class=\"purpose\"><h4>Marketing\/Tracking<\/h4><\/div>\n    <div class=\"name-header\">\n\t<h5>Imi\u0119<\/h5>\n<\/div>\n<div class=\"name\">Google Fonts API<\/div>\n<div class=\"retention-header\">\n\t<h5>Zatrzymywanie<\/h5>\n<\/div>\n<div class=\"retention\">none<\/div>\n<div class=\"function-header\">\n\t<h5>Funkcja<\/h5>\n<\/div>\n<div class=\"function\">Request user IP address<\/div>\n\n<\/div>\n<\/div>\n\n<div class=\"cmplz-service-header\"><h3>R\u00f3\u017cne<\/h3><\/div>\n<div class=\"cmplz-service-desc cmplz-service-hidden\">\n    <div class=\"cmplz-service-description\">\n\t    <h4>Usage<\/h4>\n        <p><\/p>\n    <\/div>\n    <div class=\"cmplz-sharing-data\">\n        <h4>Udost\u0119pnianie danych<\/h4>\n        <p>Udost\u0119pnianie danych oczekuje na dochodzenie<\/p>\n    <\/div>\n    <div class=\"cookies-per-purpose\">\n    <div class=\"purpose\"><h4>Cel w toku sprawdzania<\/h4><\/div>\n    <div class=\"name-header\">\n\t<h5>Imi\u0119<\/h5>\n<\/div>\n<div class=\"name\">clef_wp_session<\/div>\n<div class=\"retention-header\">\n\t<h5>Zatrzymywanie<\/h5>\n<\/div>\n<div class=\"retention\"><\/div>\n<div class=\"function-header\">\n\t<h5>Funkcja<\/h5>\n<\/div>\n<div class=\"function\"><\/div>\n\n<\/div>\n<\/div>\n\n<\/div><h2>7. Zgoda<\/h2><p>Kiedy odwiedzasz nasz\u0105 stron\u0119 po raz pierwszy, poka\u017cemy Ci wyskakuj\u0105ce okienko z wyja\u015bnieniem dotycz\u0105cym plik\u00f3w cookie. Po klikni\u0119ciu przycisku \"Zapisz preferencje\" wyra\u017casz zgod\u0119 na u\u017cywanie przez nas kategorii plik\u00f3w cookie i wtyczek wybranych w wyskakuj\u0105cym okienku, jak opisano w tym o\u015bwiadczeniu dotycz\u0105cym plik\u00f3w cookie. Mo\u017cesz wy\u0142\u0105czy\u0107 korzystanie z plik\u00f3w cookie za po\u015brednictwem przegl\u0105darki, ale pami\u0119taj, \u017ce nasza witryna mo\u017ce ju\u017c nie dzia\u0142a\u0107 poprawnie.<\/p><p class=\"cmplz-subtitle\">7.1 Zarz\u0105dzaj swoimi ustawieniami zgody na pliki cookies<\/p><p><a id=\"manage-consent\"><\/a><p id=\"cmplz-manage-consent-container\" class=\"cmplz-manage-consent-container\"><\/p><\/p><h2>8. Twoje prawa w odniesieniu do danych osobowych<\/h2><p>Masz nast\u0119puj\u0105ce prawa w odniesieniu do swoich danych osobowych:<\/p><p><ul>\n                    <li>Masz prawo wiedzie\u0107, dlaczego Twoje dane osobowe s\u0105 potrzebne, co si\u0119 z nimi stanie i jak d\u0142ugo b\u0119d\u0105 przechowywane.<\/li>\n                    <li>Prawo dost\u0119pu: masz prawo dost\u0119pu do znanych nam danych osobowych.<\/li>\n                    <li>Prawo do sprostowania: masz prawo do uzupe\u0142nienia, poprawienia, usuni\u0119cia lub zablokowania danych osobowych w dowolnym momencie.<\/li>\n                    <li>Je\u015bli wyrazisz zgod\u0119 na przetwarzanie swoich danych, masz prawo odwo\u0142a\u0107 t\u0119 zgod\u0119 i usun\u0105\u0107 swoje dane osobowe.<\/li>\n                    <li>Prawo do przekazywania danych: masz prawo za\u017c\u0105da\u0107 od administratora wszystkich swoich danych osobowych i przekaza\u0107 je w ca\u0142o\u015bci innemu kontrolerowi.<\/li>\n                    <li>Prawo do sprzeciwu: mo\u017cesz sprzeciwi\u0107 si\u0119 przetwarzaniu danych. Przestrzegamy tego, chyba \u017ce istniej\u0105 uzasadnione podstawy do przetwarzania.<\/li>\n                <\/ul><\/p><p>Aby skorzysta\u0107 z tych praw, skontaktuj si\u0119 z nami. Prosz\u0119 odnie\u015b\u0107 si\u0119 do danych kontaktowych na dole tego o\u015bwiadczenia cookie. Je\u015bli masz skarg\u0119 dotycz\u0105c\u0105 sposobu post\u0119powania z Twoimi danymi, chcieliby\u015bmy us\u0142ysze\u0107 od Ciebie, ale masz r\u00f3wnie\u017c prawo z\u0142o\u017cy\u0107 skarg\u0119 do organu nadzorczego (organu ochrony danych).<\/p><h2>9. W\u0142\u0105czanie \/ wy\u0142\u0105czanie i usuwanie plik\u00f3w cookie<\/h2><p>Mo\u017cesz u\u017cy\u0107 przegl\u0105darki internetowej do automatycznego lub r\u0119cznego usuwania plik\u00f3w cookie. Mo\u017cesz r\u00f3wnie\u017c okre\u015bli\u0107, \u017ce niekt\u00f3re pliki cookie mog\u0105 nie by\u0107 umieszczane. Inn\u0105 opcj\u0105 jest zmiana ustawie\u0144 przegl\u0105darki internetowej, tak aby otrzymywa\u0107 komunikat za ka\u017cdym razem, gdy plik cookie zostanie umieszczony. Aby uzyska\u0107 wi\u0119cej informacji na temat tych opcji, zapoznaj si\u0119 z instrukcjami w sekcji pomocy przegl\u0105darki.<\/p><p>Pami\u0119taj, \u017ce nasza witryna mo\u017ce nie dzia\u0142a\u0107 poprawnie, je\u015bli wszystkie pliki cookie s\u0105 wy\u0142\u0105czone. Je\u015bli usuniesz pliki cookie w swojej przegl\u0105darce, zostan\u0105 one ponownie umieszczone po wyra\u017ceniu zgody podczas ponownego odwiedzania naszych stron internetowych.<\/p><h2>10. Dane kontaktowe<\/h2><p>W przypadku pyta\u0144 i \/ lub komentarzy dotycz\u0105cych naszej polityki dotycz\u0105cej plik\u00f3w cookie i tego o\u015bwiadczenia, prosimy o kontakt z nami za pomoc\u0105 nast\u0119puj\u0105cych danych kontaktowych:<\/p><p>Adam Ziarnik<br>\n                    Plac \u015bw. Wojciecha 11<br \/>\r\n62-240 Trzemeszno<br>\n                    Polska<br>\n                    Strona internetowa: <a href=\"https:\/\/www.ubezpieczeniatrzemeszno.pl\">https:\/\/www.ubezpieczeniatrzemeszno.pl<\/a> <br>\n                    E-mail: <a href=\"mailto:tr&#122;&#101;&#x6d;es&#122;no&#064;insur&#046;c&#111;m&#x2e;pl\">tr&#122;&#101;&#x6d;es&#122;no&#064;insur&#046;c&#111;m&#x2e;pl<\/a> <br>\n                    Numer telefonu: +48 881 691 691<br><\/p><p>Ta Polityka Plik\u00f3w Cookies zosta\u0142a zsynchronizowana z  <a href=\"https:\/\/cookiedatabase.org\" target=\"_blank\">cookiedatabase.org<\/a> w dniu 19 Listopad 2020<\/p><\/div>\n","protected":false},"excerpt":{"rendered":"<p>To o\u015bwiadczenie dotycz\u0105ce plik\u00f3w cookie by\u0142o ostatnio aktualizowane 19 Listopad 2020 i dotyczy obywateli Europejskiego Obszaru Gospodarczego.1. WprowadzenieNasza strona internetowa, https:\/\/www.ubezpieczeniatrzemeszno.pl (dalej: \u201estrona internetowa\u201d) u\u017cywa plik\u00f3w cookie i innych powi\u0105zanych technologii (dla wygody wszystkie technologie s\u0105 okre\u015blane jako \u201epliki cookie\u201d). Pliki cookie s\u0105 r\u00f3wnie\u017c umieszczane przez osoby trzecie. W poni\u017cszym dokumencie informujemy o korzystaniu z<br \/><a href=\"https:\/\/www.ubezpieczeniatrzemeszno.pl\/?page_id=379\" class=\"more\">Read more<\/a><\/p>\n","protected":false},"author":1,"featured_media":0,"parent":0,"menu_order":0,"comment_status":"closed","ping_status":"closed","template":"","meta":[],"_links":{"self":[{"href":"https:\/\/www.ubezpieczeniatrzemeszno.pl\/index.php?rest_route=\/wp\/v2\/pages\/379"}],"collection":[{"href":"https:\/\/www.ubezpieczeniatrzemeszno.pl\/index.php?rest_route=\/wp\/v2\/pages"}],"about":[{"href":"https:\/\/www.ubezpieczeniatrzemeszno.pl\/index.php?rest_route=\/wp\/v2\/types\/page"}],"author":[{"embeddable":true,"href":"https:\/\/www.ubezpieczeniatrzemeszno.pl\/index.php?rest_route=\/wp\/v2\/users\/1"}],"replies":[{"embeddable":true,"href":"https:\/\/www.ubezpieczeniatrzemeszno.pl\/index.php?rest_route=%2Fwp%2Fv2%2Fcomments&post=379"}],"version-history":[{"count":0,"href":"https:\/\/www.ubezpieczeniatrzemeszno.pl\/index.php?rest_route=\/wp\/v2\/pages\/379\/revisions"}],"wp:attachment":[{"href":"https:\/\/www.ubezpieczeniatrzemeszno.pl\/index.php?rest_route=%2Fwp%2Fv2%2Fmedia&parent=379"}],"curies":[{"name":"wp","href":"https:\/\/api.w.org\/{rel}","templated":true}]}}